{"id":383,"date":"2022-11-28T16:01:55","date_gmt":"2022-11-28T16:01:55","guid":{"rendered":"https:\/\/demo.kanthemes.com.tr\/geoit\/kurumsal\/?page_id=383"},"modified":"2022-11-28T16:01:55","modified_gmt":"2022-11-28T16:01:55","slug":"blog","status":"publish","type":"page","link":"https:\/\/mehmetyalcin.com.tr\/index.php\/blog\/","title":{"rendered":"Blog"},"content":{"rendered":"\t\t<div data-elementor-type=\"wp-page\" data-elementor-id=\"383\" class=\"elementor elementor-383\">\n\t\t\t\t\t\t<section class=\"elementor-section elementor-top-section elementor-element elementor-element-0ee7ce4 elementor-section-boxed elementor-section-height-default elementor-section-height-default\" data-id=\"0ee7ce4\" data-element_type=\"section\" data-e-type=\"section\" data-settings=\"{&quot;background_background&quot;:&quot;classic&quot;,&quot;background_sd_background&quot;:&quot;classic&quot;,&quot;shape_divider_bottom&quot;:&quot;wave-brush&quot;}\">\n\t\t\t\t\t<div class=\"elementor-shape elementor-shape-bottom\" aria-hidden=\"true\" data-negative=\"false\">\n\t\t\t<svg xmlns=\"http:\/\/www.w3.org\/2000\/svg\" viewBox=\"0 0 283.5 27.8\" preserveAspectRatio=\"none\">\n\t<path class=\"elementor-shape-fill\" d=\"M283.5,9.7c0,0-7.3,4.3-14,4.6c-6.8,0.3-12.6,0-20.9-1.5c-11.3-2-33.1-10.1-44.7-5.7\ts-12.1,4.6-18,7.4c-6.6,3.2-20,9.6-36.6,9.3C131.6,23.5,99.5,7.2,86.3,8c-1.4,0.1-6.6,0.8-10.5,2c-3.8,1.2-9.4,3.8-17,4.7\tc-3.2,0.4-8.3,1.1-14.2,0.9c-1.5-0.1-6.3-0.4-12-1.6c-5.7-1.2-11-3.1-15.8-3.7C6.5,9.2,0,10.8,0,10.8V0h283.5V9.7z M260.8,11.3\tc-0.7-1-2-0.4-4.3-0.4c-2.3,0-6.1-1.2-5.8-1.1c0.3,0.1,3.1,1.5,6,1.9C259.7,12.2,261.4,12.3,260.8,11.3z M242.4,8.6\tc0,0-2.4-0.2-5.6-0.9c-3.2-0.8-10.3-2.8-15.1-3.5c-8.2-1.1-15.8,0-15.1,0.1c0.8,0.1,9.6-0.6,17.6,1.1c3.3,0.7,9.3,2.2,12.4,2.7\tC239.9,8.7,242.4,8.6,242.4,8.6z M185.2,8.5c1.7-0.7-13.3,4.7-18.5,6.1c-2.1,0.6-6.2,1.6-10,2c-3.9,0.4-8.9,0.4-8.8,0.5\tc0,0.2,5.8,0.8,11.2,0c5.4-0.8,5.2-1.1,7.6-1.6C170.5,14.7,183.5,9.2,185.2,8.5z M199.1,6.9c0.2,0-0.8-0.4-4.8,1.1\tc-4,1.5-6.7,3.5-6.9,3.7c-0.2,0.1,3.5-1.8,6.6-3C197,7.5,199,6.9,199.1,6.9z M283,6c-0.1,0.1-1.9,1.1-4.8,2.5s-6.9,2.8-6.7,2.7\tc0.2,0,3.5-0.6,7.4-2.5C282.8,6.8,283.1,5.9,283,6z M31.3,11.6c0.1-0.2-1.9-0.2-4.5-1.2s-5.4-1.6-7.8-2C15,7.6,7.3,8.5,7.7,8.6\tC8,8.7,15.9,8.3,20.2,9.3c2.2,0.5,2.4,0.5,5.7,1.6S31.2,11.9,31.3,11.6z M73,9.2c0.4-0.1,3.5-1.6,8.4-2.6c4.9-1.1,8.9-0.5,8.9-0.8\tc0-0.3-1-0.9-6.2-0.3S72.6,9.3,73,9.2z M71.6,6.7C71.8,6.8,75,5.4,77.3,5c2.3-0.3,1.9-0.5,1.9-0.6c0-0.1-1.1-0.2-2.7,0.2\tC74.8,5.1,71.4,6.6,71.6,6.7z M93.6,4.4c0.1,0.2,3.5,0.8,5.6,1.8c2.1,1,1.8,0.6,1.9,0.5c0.1-0.1-0.8-0.8-2.4-1.3\tC97.1,4.8,93.5,4.2,93.6,4.4z M65.4,11.1c-0.1,0.3,0.3,0.5,1.9-0.2s2.6-1.3,2.2-1.2s-0.9,0.4-2.5,0.8C65.3,10.9,65.5,10.8,65.4,11.1\tz M34.5,12.4c-0.2,0,2.1,0.8,3.3,0.9c1.2,0.1,2,0.1,2-0.2c0-0.3-0.1-0.5-1.6-0.4C36.6,12.8,34.7,12.4,34.5,12.4z M152.2,21.1\tc-0.1,0.1-2.4-0.3-7.5-0.3c-5,0-13.6-2.4-17.2-3.5c-3.6-1.1,10,3.9,16.5,4.1C150.5,21.6,152.3,21,152.2,21.1z\"\/>\n\t<path class=\"elementor-shape-fill\" d=\"M269.6,18c-0.1-0.1-4.6,0.3-7.2,0c-7.3-0.7-17-3.2-16.6-2.9c0.4,0.3,13.7,3.1,17,3.3\tC267.7,18.8,269.7,18,269.6,18z\"\/>\n\t<path class=\"elementor-shape-fill\" d=\"M227.4,9.8c-0.2-0.1-4.5-1-9.5-1.2c-5-0.2-12.7,0.6-12.3,0.5c0.3-0.1,5.9-1.8,13.3-1.2\tS227.6,9.9,227.4,9.8z\"\/>\n\t<path class=\"elementor-shape-fill\" d=\"M204.5,13.4c-0.1-0.1,2-1,3.2-1.1c1.2-0.1,2,0,2,0.3c0,0.3-0.1,0.5-1.6,0.4\tC206.4,12.9,204.6,13.5,204.5,13.4z\"\/>\n\t<path class=\"elementor-shape-fill\" d=\"M201,10.6c0-0.1-4.4,1.2-6.3,2.2c-1.9,0.9-6.2,3.1-6.1,3.1c0.1,0.1,4.2-1.6,6.3-2.6\tS201,10.7,201,10.6z\"\/>\n\t<path class=\"elementor-shape-fill\" d=\"M154.5,26.7c-0.1-0.1-4.6,0.3-7.2,0c-7.3-0.7-17-3.2-16.6-2.9c0.4,0.3,13.7,3.1,17,3.3\tC152.6,27.5,154.6,26.8,154.5,26.7z\"\/>\n\t<path class=\"elementor-shape-fill\" d=\"M41.9,19.3c0,0,1.2-0.3,2.9-0.1c1.7,0.2,5.8,0.9,8.2,0.7c4.2-0.4,7.4-2.7,7-2.6\tc-0.4,0-4.3,2.2-8.6,1.9c-1.8-0.1-5.1-0.5-6.7-0.4S41.9,19.3,41.9,19.3z\"\/>\n\t<path class=\"elementor-shape-fill\" d=\"M75.5,12.6c0.2,0.1,2-0.8,4.3-1.1c2.3-0.2,2.1-0.3,2.1-0.5c0-0.1-1.8-0.4-3.4,0\tC76.9,11.5,75.3,12.5,75.5,12.6z\"\/>\n\t<path class=\"elementor-shape-fill\" d=\"M15.6,13.2c0-0.1,4.3,0,6.7,0.5c2.4,0.5,5,1.9,5,2c0,0.1-2.7-0.8-5.1-1.4\tC19.9,13.7,15.7,13.3,15.6,13.2z\"\/>\n<\/svg>\t\t<\/div>\n\t\t\t\t\t<div class=\"elementor-container elementor-column-gap-default\">\n\t\t\t\t\t<div class=\"elementor-column elementor-col-100 elementor-top-column elementor-element elementor-element-306a779\" data-id=\"306a779\" data-element_type=\"column\" data-e-type=\"column\">\n\t\t\t<div class=\"elementor-widget-wrap elementor-element-populated\">\n\t\t\t\t\t\t<div class=\"elementor-element elementor-element-1878cf0 elementor-widget elementor-widget-geoit-ellipsis-h\" data-id=\"1878cf0\" data-element_type=\"widget\" data-e-type=\"widget\" data-widget_type=\"geoit-ellipsis-h.default\">\n\t\t\t\t<div class=\"elementor-widget-container\">\n\t\t\t\t\t<ol class=\"geo_breadcrumb\"><li class=\"root\"><a href=\"https:\/\/mehmetyalcin.com.tr\/\"><span>Anasayfa<\/span><\/a><\/li><\/ol>\t\t\t\t<\/div>\n\t\t\t\t<\/div>\n\t\t\t\t<div class=\"elementor-element elementor-element-8d99e0e elementor-widget elementor-widget-heading\" data-id=\"8d99e0e\" data-element_type=\"widget\" data-e-type=\"widget\" data-widget_type=\"heading.default\">\n\t\t\t\t<div class=\"elementor-widget-container\">\n\t\t\t\t\t<h2 class=\"elementor-heading-title elementor-size-default\">Blog Yaz\u0131lar\u0131m\u0131z<\/h2>\t\t\t\t<\/div>\n\t\t\t\t<\/div>\n\t\t\t\t\t<\/div>\n\t\t<\/div>\n\t\t\t\t\t<\/div>\n\t\t<\/section>\n\t\t\t\t<section class=\"elementor-section elementor-top-section elementor-element elementor-element-1afba09 elementor-section-boxed elementor-section-height-default elementor-section-height-default\" data-id=\"1afba09\" data-element_type=\"section\" data-e-type=\"section\">\n\t\t\t\t\t\t<div class=\"elementor-container elementor-column-gap-default\">\n\t\t\t\t\t<div class=\"elementor-column elementor-col-100 elementor-top-column elementor-element elementor-element-766e405\" data-id=\"766e405\" data-element_type=\"column\" data-e-type=\"column\">\n\t\t\t<div class=\"elementor-widget-wrap elementor-element-populated\">\n\t\t\t\t\t\t<div class=\"kan_elementor_block elementor-element elementor-element-3ea5367 elementor-widget__width-initial elementor-widget elementor-widget-geoit-archive-posts\" data-id=\"3ea5367\" data-element_type=\"widget\" data-e-type=\"widget\" data-widget_type=\"geoit-archive-posts.default\">\n\t\t\t\t<div class=\"elementor-widget-container\">\n\t\t\t\t\t\r\n\t\t<div class=\"kan_vc_block kan_vc_recent_posts kan_col_3e3 kan_vc_recent_blog-masonry\">\r\n\t\t\t\t\t\t\t\t\t\t<div class=\"masonry\" geoit-data-load-more>\r\n\t\t\t\t\t\t\t\t\t<article class=\"uck-card post\">\r\n\t<div class=\"uck-card-flex\">\r\n\t\t\t\t\t<div class=\"uck-card--image\">\r\n\t\t\t\t<a href='https:\/\/mehmetyalcin.com.tr\/index.php\/2025\/09\/08\/yetiskinlerde-dehb\/' title='Yeti\u015fkinlerde DEHB\u2019yi Anlamak ve Y\u00f6netmek'>\r\n\t\t\t\t\t<img fetchpriority=\"high\" decoding=\"async\" width=\"410\" height=\"250\" src=\"https:\/\/mehmetyalcin.com.tr\/wp-content\/uploads\/2022\/11\/Yetiskin-DEHB-410x250.png\" class=\"attachment-geo-cat-image size-geo-cat-image wp-post-image\" alt=\"Yeti\u015fkin DEHB\" srcset=\"https:\/\/mehmetyalcin.com.tr\/wp-content\/uploads\/2022\/11\/Yetiskin-DEHB-410x250.png 410w, https:\/\/mehmetyalcin.com.tr\/wp-content\/uploads\/2022\/11\/Yetiskin-DEHB-150x90.png 150w\" sizes=\"(max-width: 410px) 100vw, 410px\" \/>\t\t\t\t<\/a>\r\n\t\t\t\t\t\t\t\t<button class=\"jm-post-like jm-post-like-222\" data-nonce=\"ac72c6188d\" data-post-id=\"222\" data-iscomment=\"0\" title=\"Favorilerime Ekle\" aria-label=\"Favorilerime Ekle\"><i class=\"gi gi-bookmark-o\"><\/i><span class=\"geo-like-count\" ><\/span><span id=\"geo-like-loader\"><\/span><\/button>\t\t\t<\/div>\r\n\t\t\t\t<div class=\"uck-card--content\">\r\n\t\t\t\t\t\t\t<a class=\"geo_first_category geoit-cat-item-2\" href=\"https:\/\/mehmetyalcin.com.tr\/index.php\/category\/blog\/\" > Blog<\/a>\t\t\t\t\t\t<h3 class=\"headline\"><a href=\"https:\/\/mehmetyalcin.com.tr\/index.php\/2025\/09\/08\/yetiskinlerde-dehb\/\" rel=\"bookmark\">Yeti\u015fkinlerde DEHB\u2019yi Anlamak ve Y\u00f6netmek<\/a><\/h3>\t\t\t\t\t\t\t<div class=\"uck-card--meta uck-card--border\">\r\n\t\t\t\t\t<div class=\"uck-card--left\">\t\t\r\n\t\t\t\t\t\t<span class=\"date\"><i class=\"gi gi-clock-o\"><\/i> Eyl\u00fcl 8, 2025<\/span> \t\t\t\t\t\t\t\t\t\t\t\t\t\t\t\t\t<\/div>\r\n\t\t\t\t<\/div>\r\n\t\t\t\t\t\t<p>Yeti\u015fkinlerde DEHB (Dikkat Eksikli\u011fi ve Hiperaktivite Bozuklu\u011fu) belirtileri, tan\u0131, tarama ara\u00e7lar\u0131 ve kan\u0131ta dayal\u0131 tedaviler:&hellip;<\/p>\t\t\t\t\t\t\t<div class=\"uck-card--right\">\r\n\t\t\t\t\t<a class=\"geoit_read_more_2\" href='https:\/\/mehmetyalcin.com.tr\/index.php\/2025\/09\/08\/yetiskinlerde-dehb\/' title='Yeti\u015fkinlerde DEHB\u2019yi Anlamak ve Y\u00f6netmek'>Devam\u0131n\u0131 Oku<\/a>\r\n\t\t\t\t<\/div>\r\n\t\t\t\t\t<\/div>\r\n\t<\/div>\r\n<\/article>\r\n\t\t\r\n\t\t\t\t\t\t\t\t\t\t<article class=\"uck-card post\">\r\n\t<div class=\"uck-card-flex\">\r\n\t\t\t\t\t<div class=\"uck-card--image\">\r\n\t\t\t\t<a href='https:\/\/mehmetyalcin.com.tr\/index.php\/2025\/09\/08\/teknoloji-bagimliligina-klinik-bakis\/' title='G\u00f6r\u00fcnmez Kanca: Teknoloji Ba\u011f\u0131ml\u0131l\u0131\u011f\u0131na Klinik Bak\u0131\u015f'>\r\n\t\t\t\t\t<img decoding=\"async\" width=\"410\" height=\"231\" src=\"https:\/\/mehmetyalcin.com.tr\/wp-content\/uploads\/2025\/09\/Teknoloji-bagimliligi1.png\" class=\"attachment-geo-cat-image size-geo-cat-image wp-post-image\" alt=\"Teknoloji ba\u011f\u0131ml\u0131l\u0131\u011f\u01311\" srcset=\"https:\/\/mehmetyalcin.com.tr\/wp-content\/uploads\/2025\/09\/Teknoloji-bagimliligi1.png 1200w, https:\/\/mehmetyalcin.com.tr\/wp-content\/uploads\/2025\/09\/Teknoloji-bagimliligi1-300x169.png 300w, https:\/\/mehmetyalcin.com.tr\/wp-content\/uploads\/2025\/09\/Teknoloji-bagimliligi1-1024x576.png 1024w, https:\/\/mehmetyalcin.com.tr\/wp-content\/uploads\/2025\/09\/Teknoloji-bagimliligi1-768x432.png 768w, https:\/\/mehmetyalcin.com.tr\/wp-content\/uploads\/2025\/09\/Teknoloji-bagimliligi1-850x478.png 850w\" sizes=\"(max-width: 410px) 100vw, 410px\" \/>\t\t\t\t<\/a>\r\n\t\t\t\t\t\t\t\t<button class=\"jm-post-like jm-post-like-223\" data-nonce=\"ac72c6188d\" data-post-id=\"223\" data-iscomment=\"0\" title=\"Favorilerime Ekle\" aria-label=\"Favorilerime Ekle\"><i class=\"gi gi-bookmark-o\"><\/i><span class=\"geo-like-count\" ><\/span><span id=\"geo-like-loader\"><\/span><\/button>\t\t\t<\/div>\r\n\t\t\t\t<div class=\"uck-card--content\">\r\n\t\t\t\t\t\t\t<a class=\"geo_first_category geoit-cat-item-2\" href=\"https:\/\/mehmetyalcin.com.tr\/index.php\/category\/blog\/\" > Blog<\/a>\t\t\t\t\t\t<h3 class=\"headline\"><a href=\"https:\/\/mehmetyalcin.com.tr\/index.php\/2025\/09\/08\/teknoloji-bagimliligina-klinik-bakis\/\" rel=\"bookmark\">G\u00f6r\u00fcnmez Kanca: Teknoloji Ba\u011f\u0131ml\u0131l\u0131\u011f\u0131na Klinik Bak\u0131\u015f<\/a><\/h3>\t\t\t\t\t\t\t<div class=\"uck-card--meta uck-card--border\">\r\n\t\t\t\t\t<div class=\"uck-card--left\">\t\t\r\n\t\t\t\t\t\t<span class=\"date\"><i class=\"gi gi-clock-o\"><\/i> Eyl\u00fcl 8, 2025<\/span> \t\t\t\t\t\t\t\t\t\t\t\t\t\t\t\t\t<\/div>\r\n\t\t\t\t<\/div>\r\n\t\t\t\t\t\t<p>Teknoloji ba\u011f\u0131ml\u0131l\u0131\u011f\u0131 nedir, belirtileri ve tedavisi neler? ICD-11\/DSM-5-TR \u00e7er\u00e7evesinde bilimsel kan\u0131tlara dayal\u0131 bir rehber. Teknoloji&hellip;<\/p>\t\t\t\t\t\t\t<div class=\"uck-card--right\">\r\n\t\t\t\t\t<a class=\"geoit_read_more_2\" href='https:\/\/mehmetyalcin.com.tr\/index.php\/2025\/09\/08\/teknoloji-bagimliligina-klinik-bakis\/' title='G\u00f6r\u00fcnmez Kanca: Teknoloji Ba\u011f\u0131ml\u0131l\u0131\u011f\u0131na Klinik Bak\u0131\u015f'>Devam\u0131n\u0131 Oku<\/a>\r\n\t\t\t\t<\/div>\r\n\t\t\t\t\t<\/div>\r\n\t<\/div>\r\n<\/article>\r\n\t\t\r\n\t\t\t\t\t\t\t\t\t\t<article class=\"uck-card post\">\r\n\t<div class=\"uck-card-flex\">\r\n\t\t\t\t\t<div class=\"uck-card--image\">\r\n\t\t\t\t<a href='https:\/\/mehmetyalcin.com.tr\/index.php\/2025\/09\/02\/bilissel-davranisci-terapi-nedir\/' title='Bili\u015fsel Davran\u0131\u015f\u00e7\u0131 Terapi (BDT): Terapiye Ba\u015flamadan Bilmeniz Gerekenler'>\r\n\t\t\t\t\t<img decoding=\"async\" width=\"410\" height=\"250\" src=\"https:\/\/mehmetyalcin.com.tr\/wp-content\/uploads\/2022\/11\/774a9b32-5fe8-4145-82b2-dc72a2423e9c-410x250.webp\" class=\"attachment-geo-cat-image size-geo-cat-image wp-post-image\" alt=\"774a9b32-5fe8-4145-82b2-dc72a2423e9c\" srcset=\"https:\/\/mehmetyalcin.com.tr\/wp-content\/uploads\/2022\/11\/774a9b32-5fe8-4145-82b2-dc72a2423e9c-410x250.webp 410w, https:\/\/mehmetyalcin.com.tr\/wp-content\/uploads\/2022\/11\/774a9b32-5fe8-4145-82b2-dc72a2423e9c-150x90.webp 150w\" sizes=\"(max-width: 410px) 100vw, 410px\" \/>\t\t\t\t<\/a>\r\n\t\t\t\t\t\t\t\t<button class=\"jm-post-like jm-post-like-224\" data-nonce=\"ac72c6188d\" data-post-id=\"224\" data-iscomment=\"0\" title=\"Favorilerime Ekle\" aria-label=\"Favorilerime Ekle\"><i class=\"gi gi-bookmark-o\"><\/i><span class=\"geo-like-count\" ><\/span><span id=\"geo-like-loader\"><\/span><\/button>\t\t\t<\/div>\r\n\t\t\t\t<div class=\"uck-card--content\">\r\n\t\t\t\t\t\t\t<a class=\"geo_first_category geoit-cat-item-2\" href=\"https:\/\/mehmetyalcin.com.tr\/index.php\/category\/blog\/\" > Blog<\/a>\t\t\t\t\t\t<h3 class=\"headline\"><a href=\"https:\/\/mehmetyalcin.com.tr\/index.php\/2025\/09\/02\/bilissel-davranisci-terapi-nedir\/\" rel=\"bookmark\">Bili\u015fsel Davran\u0131\u015f\u00e7\u0131 Terapi (BDT): Terapiye Ba\u015flamadan Bilmeniz Gerekenler<\/a><\/h3>\t\t\t\t\t\t\t<div class=\"uck-card--meta uck-card--border\">\r\n\t\t\t\t\t<div class=\"uck-card--left\">\t\t\r\n\t\t\t\t\t\t<span class=\"date\"><i class=\"gi gi-clock-o\"><\/i> Eyl\u00fcl 2, 2025<\/span> \t\t\t\t\t\t\t\t\t\t\t\t\t\t\t\t\t<\/div>\r\n\t\t\t\t<\/div>\r\n\t\t\t\t\t\t<p>BDT nedir? Terapiye ba\u015flamay\u0131 d\u00fc\u015f\u00fcn\u00fcyorsan\u0131z ve \u201cBili\u015fsel Davran\u0131\u015f\u00e7\u0131 Terapi bana uygun mu?\u201d diye merak ediyorsan\u0131z,&hellip;<\/p>\t\t\t\t\t\t\t<div class=\"uck-card--right\">\r\n\t\t\t\t\t<a class=\"geoit_read_more_2\" href='https:\/\/mehmetyalcin.com.tr\/index.php\/2025\/09\/02\/bilissel-davranisci-terapi-nedir\/' title='Bili\u015fsel Davran\u0131\u015f\u00e7\u0131 Terapi (BDT): Terapiye Ba\u015flamadan Bilmeniz Gerekenler'>Devam\u0131n\u0131 Oku<\/a>\r\n\t\t\t\t<\/div>\r\n\t\t\t\t\t<\/div>\r\n\t<\/div>\r\n<\/article>\r\n\t\t\r\n\t\t\t\t\t\t\t\t\t\t<article class=\"uck-card post\">\r\n\t<div class=\"uck-card-flex\">\r\n\t\t\t\t\t<div class=\"uck-card--image\">\r\n\t\t\t\t<a href='https:\/\/mehmetyalcin.com.tr\/index.php\/2025\/08\/30\/sinav-kaygisi-bilim-ne-diyor-ne-yapmali\/' title='S\u0131nav Kayg\u0131s\u0131: Bilim Ne Diyor, Ne Yapmal\u0131?'>\r\n\t\t\t\t\t<img loading=\"lazy\" decoding=\"async\" width=\"410\" height=\"250\" src=\"https:\/\/mehmetyalcin.com.tr\/wp-content\/uploads\/2022\/11\/095b980c-a64c-4149-a213-1965e91b31b1-410x250.webp\" class=\"attachment-geo-cat-image size-geo-cat-image wp-post-image\" alt=\"095b980c-a64c-4149-a213-1965e91b31b1\" srcset=\"https:\/\/mehmetyalcin.com.tr\/wp-content\/uploads\/2022\/11\/095b980c-a64c-4149-a213-1965e91b31b1-410x250.webp 410w, https:\/\/mehmetyalcin.com.tr\/wp-content\/uploads\/2022\/11\/095b980c-a64c-4149-a213-1965e91b31b1-150x90.webp 150w\" sizes=\"(max-width: 410px) 100vw, 410px\" \/>\t\t\t\t<\/a>\r\n\t\t\t\t\t\t\t\t<button class=\"jm-post-like jm-post-like-225\" data-nonce=\"ac72c6188d\" data-post-id=\"225\" data-iscomment=\"0\" title=\"Favorilerime Ekle\" aria-label=\"Favorilerime Ekle\"><i class=\"gi gi-bookmark-o\"><\/i><span class=\"geo-like-count\" >1<\/span><span id=\"geo-like-loader\"><\/span><\/button>\t\t\t<\/div>\r\n\t\t\t\t<div class=\"uck-card--content\">\r\n\t\t\t\t\t\t\t<a class=\"geo_first_category geoit-cat-item-2\" href=\"https:\/\/mehmetyalcin.com.tr\/index.php\/category\/blog\/\" > Blog<\/a>\t\t\t\t\t\t<h3 class=\"headline\"><a href=\"https:\/\/mehmetyalcin.com.tr\/index.php\/2025\/08\/30\/sinav-kaygisi-bilim-ne-diyor-ne-yapmali\/\" rel=\"bookmark\">S\u0131nav Kayg\u0131s\u0131: Bilim Ne Diyor, Ne Yapmal\u0131?<\/a><\/h3>\t\t\t\t\t\t\t<div class=\"uck-card--meta uck-card--border\">\r\n\t\t\t\t\t<div class=\"uck-card--left\">\t\t\r\n\t\t\t\t\t\t<span class=\"date\"><i class=\"gi gi-clock-o\"><\/i> A\u011fustos 30, 2025<\/span> \t\t\t\t\t\t\t\t\t\t\t\t\t\t\t\t\t<\/div>\r\n\t\t\t\t<\/div>\r\n\t\t\t\t\t\t<p>K\u0131sa \u00f6zet: S\u0131nav kayg\u0131s\u0131 yayg\u0131n ama y\u00f6netilebilir. Orta d\u00fczey bir stres performans\u0131 art\u0131rabilir; fazlas\u0131 ise&hellip;<\/p>\t\t\t\t\t\t\t<div class=\"uck-card--right\">\r\n\t\t\t\t\t<a class=\"geoit_read_more_2\" href='https:\/\/mehmetyalcin.com.tr\/index.php\/2025\/08\/30\/sinav-kaygisi-bilim-ne-diyor-ne-yapmali\/' title='S\u0131nav Kayg\u0131s\u0131: Bilim Ne Diyor, Ne Yapmal\u0131?'>Devam\u0131n\u0131 Oku<\/a>\r\n\t\t\t\t<\/div>\r\n\t\t\t\t\t<\/div>\r\n\t<\/div>\r\n<\/article>\r\n\t\t\r\n\t\t\t\t\t\t\t\t\t<\/div>\r\n\t\t\t\t\t\t\t\t\t\t\t\t<\/div>\r\n\r\n\t\t\t\t\t\t<\/div>\n\t\t\t\t<\/div>\n\t\t\t\t\t<\/div>\n\t\t<\/div>\n\t\t\t\t\t<\/div>\n\t\t<\/section>\n\t\t\t\t<\/div>\n\t\t","protected":false},"excerpt":{"rendered":"<p>Anasayfa Blog Yaz\u0131lar\u0131m\u0131z Uncategorized 1914 tarihli H. Rackham \u00c7evirisi Kas\u0131m 23, 2022 Lorem Ipsum, dizgi&#46;&#46;&#46;<\/p>\n","protected":false},"author":1,"featured_media":0,"parent":0,"menu_order":0,"comment_status":"closed","ping_status":"closed","template":"temp\/template-vc.php","meta":{"footnotes":""},"class_list":["post-383","page","type-page","status-publish","hentry"],"amp_enabled":false,"_links":{"self":[{"href":"https:\/\/mehmetyalcin.com.tr\/index.php\/wp-json\/wp\/v2\/pages\/383","targetHints":{"allow":["GET"]}}],"collection":[{"href":"https:\/\/mehmetyalcin.com.tr\/index.php\/wp-json\/wp\/v2\/pages"}],"about":[{"href":"https:\/\/mehmetyalcin.com.tr\/index.php\/wp-json\/wp\/v2\/types\/page"}],"author":[{"embeddable":true,"href":"https:\/\/mehmetyalcin.com.tr\/index.php\/wp-json\/wp\/v2\/users\/1"}],"replies":[{"embeddable":true,"href":"https:\/\/mehmetyalcin.com.tr\/index.php\/wp-json\/wp\/v2\/comments?post=383"}],"version-history":[{"count":0,"href":"https:\/\/mehmetyalcin.com.tr\/index.php\/wp-json\/wp\/v2\/pages\/383\/revisions"}],"wp:attachment":[{"href":"https:\/\/mehmetyalcin.com.tr\/index.php\/wp-json\/wp\/v2\/media?parent=383"}],"curies":[{"name":"wp","href":"https:\/\/api.w.org\/{rel}","templated":true}]}}