{"id":325,"date":"2022-11-24T20:21:18","date_gmt":"2022-11-24T20:21:18","guid":{"rendered":"https:\/\/demo.kanthemes.com.tr\/geoit\/kurumsal\/?page_id=325"},"modified":"2025-08-05T21:33:39","modified_gmt":"2025-08-05T21:33:39","slug":"iletisim","status":"publish","type":"page","link":"https:\/\/mehmetyalcin.com.tr\/index.php\/iletisim\/","title":{"rendered":"\u0130leti\u015fim"},"content":{"rendered":"\t\t<div data-elementor-type=\"wp-page\" data-elementor-id=\"325\" class=\"elementor elementor-325\">\n\t\t\t\t\t\t<section class=\"elementor-section elementor-top-section elementor-element elementor-element-f9f7db5 elementor-section-boxed elementor-section-height-default elementor-section-height-default\" data-id=\"f9f7db5\" data-element_type=\"section\" data-e-type=\"section\" data-settings=\"{&quot;background_background&quot;:&quot;classic&quot;,&quot;background_sd_background&quot;:&quot;classic&quot;}\">\n\t\t\t\t\t\t\t<div class=\"elementor-background-overlay\"><\/div>\n\t\t\t\t\t\t\t<div class=\"elementor-container elementor-column-gap-default\">\n\t\t\t\t\t<div class=\"elementor-column elementor-col-50 elementor-top-column elementor-element elementor-element-246bc7f\" data-id=\"246bc7f\" data-element_type=\"column\" data-e-type=\"column\">\n\t\t\t<div class=\"elementor-widget-wrap elementor-element-populated\">\n\t\t\t\t\t\t<div class=\"elementor-element elementor-element-cbdacce elementor-widget__width-initial elementor-widget elementor-widget-heading\" data-id=\"cbdacce\" data-element_type=\"widget\" data-e-type=\"widget\" data-widget_type=\"heading.default\">\n\t\t\t\t<div class=\"elementor-widget-container\">\n\t\t\t\t\t<h2 class=\"elementor-heading-title elementor-size-default\">Herhangi bir sorunuz var m\u0131?<br> \u0130leti\u015fime ge\u00e7mekten<br> \u00e7ekinmeyin.<\/h2>\t\t\t\t<\/div>\n\t\t\t\t<\/div>\n\t\t\t\t<div class=\"elementor-element elementor-element-b3216bc elementor-widget elementor-widget-spacer\" data-id=\"b3216bc\" data-element_type=\"widget\" data-e-type=\"widget\" data-widget_type=\"spacer.default\">\n\t\t\t\t<div class=\"elementor-widget-container\">\n\t\t\t\t\t\t\t<div class=\"elementor-spacer\">\n\t\t\t<div class=\"elementor-spacer-inner\"><\/div>\n\t\t<\/div>\n\t\t\t\t\t\t<\/div>\n\t\t\t\t<\/div>\n\t\t\t\t<div class=\"elementor-element elementor-element-763ff21 elementor-position-inline-start elementor-view-stacked elementor-shape-circle elementor-mobile-position-block-start elementor-widget elementor-widget-icon-box\" data-id=\"763ff21\" data-element_type=\"widget\" data-e-type=\"widget\" data-widget_type=\"icon-box.default\">\n\t\t\t\t<div class=\"elementor-widget-container\">\n\t\t\t\t\t\t\t<div class=\"elementor-icon-box-wrapper\">\n\n\t\t\t\t\t\t<div class=\"elementor-icon-box-icon\">\n\t\t\t\t<span  class=\"elementor-icon\">\n\t\t\t\t<svg aria-hidden=\"true\" class=\"e-font-icon-svg e-fas-location-arrow\" viewBox=\"0 0 512 512\" xmlns=\"http:\/\/www.w3.org\/2000\/svg\"><path d=\"M444.52 3.52L28.74 195.42c-47.97 22.39-31.98 92.75 19.19 92.75h175.91v175.91c0 51.17 70.36 67.17 92.75 19.19l191.9-415.78c15.99-38.39-25.59-79.97-63.97-63.97z\"><\/path><\/svg>\t\t\t\t<\/span>\n\t\t\t<\/div>\n\t\t\t\n\t\t\t\t\t\t<div class=\"elementor-icon-box-content\">\n\n\t\t\t\t\t\t\t\t\t<h3 class=\"elementor-icon-box-title\">\n\t\t\t\t\t\t<span  >\n\t\t\t\t\t\t\tAdres\t\t\t\t\t\t<\/span>\n\t\t\t\t\t<\/h3>\n\t\t\t\t\n\t\t\t\t\t\t\t\t\t<p class=\"elementor-icon-box-description\">\n\t\t\t\t\t\tMezitli\/Mersin\t\t\t\t\t<\/p>\n\t\t\t\t\n\t\t\t<\/div>\n\t\t\t\n\t\t<\/div>\n\t\t\t\t\t\t<\/div>\n\t\t\t\t<\/div>\n\t\t\t\t<div class=\"elementor-element elementor-element-cfbd2a0 elementor-position-inline-start elementor-view-stacked elementor-shape-circle elementor-mobile-position-block-start elementor-widget elementor-widget-icon-box\" data-id=\"cfbd2a0\" data-element_type=\"widget\" data-e-type=\"widget\" data-widget_type=\"icon-box.default\">\n\t\t\t\t<div class=\"elementor-widget-container\">\n\t\t\t\t\t\t\t<div class=\"elementor-icon-box-wrapper\">\n\n\t\t\t\t\t\t<div class=\"elementor-icon-box-icon\">\n\t\t\t\t<span  class=\"elementor-icon\">\n\t\t\t\t<svg aria-hidden=\"true\" class=\"e-font-icon-svg e-fas-phone-alt\" viewBox=\"0 0 512 512\" xmlns=\"http:\/\/www.w3.org\/2000\/svg\"><path d=\"M497.39 361.8l-112-48a24 24 0 0 0-28 6.9l-49.6 60.6A370.66 370.66 0 0 1 130.6 204.11l60.6-49.6a23.94 23.94 0 0 0 6.9-28l-48-112A24.16 24.16 0 0 0 122.6.61l-104 24A24 24 0 0 0 0 48c0 256.5 207.9 464 464 464a24 24 0 0 0 23.4-18.6l24-104a24.29 24.29 0 0 0-14.01-27.6z\"><\/path><\/svg>\t\t\t\t<\/span>\n\t\t\t<\/div>\n\t\t\t\n\t\t\t\t\t\t<div class=\"elementor-icon-box-content\">\n\n\t\t\t\t\t\t\t\t\t<h3 class=\"elementor-icon-box-title\">\n\t\t\t\t\t\t<span  >\n\t\t\t\t\t\t\tTelefon\t\t\t\t\t\t<\/span>\n\t\t\t\t\t<\/h3>\n\t\t\t\t\n\t\t\t\t\t\t\t\t\t<p class=\"elementor-icon-box-description\">\n\t\t\t\t\t\t05360802642\t\t\t\t\t<\/p>\n\t\t\t\t\n\t\t\t<\/div>\n\t\t\t\n\t\t<\/div>\n\t\t\t\t\t\t<\/div>\n\t\t\t\t<\/div>\n\t\t\t\t<div class=\"elementor-element elementor-element-0bcfeec elementor-position-inline-start elementor-view-stacked elementor-shape-circle elementor-mobile-position-block-start elementor-widget elementor-widget-icon-box\" data-id=\"0bcfeec\" data-element_type=\"widget\" data-e-type=\"widget\" data-widget_type=\"icon-box.default\">\n\t\t\t\t<div class=\"elementor-widget-container\">\n\t\t\t\t\t\t\t<div class=\"elementor-icon-box-wrapper\">\n\n\t\t\t\t\t\t<div class=\"elementor-icon-box-icon\">\n\t\t\t\t<span  class=\"elementor-icon\">\n\t\t\t\t<svg aria-hidden=\"true\" class=\"e-font-icon-svg e-fab-mailchimp\" viewBox=\"0 0 448 512\" xmlns=\"http:\/\/www.w3.org\/2000\/svg\"><path d=\"M330.61 243.52a36.15 36.15 0 0 1 9.3 0c1.66-3.83 1.95-10.43.45-17.61-2.23-10.67-5.25-17.14-11.48-16.13s-6.47 8.74-4.24 19.42c1.26 6 3.49 11.14 6 14.32zM277.05 252c4.47 2 7.2 3.26 8.28 2.13 1.89-1.94-3.48-9.39-12.12-13.09a31.44 31.44 0 0 0-30.61 3.68c-3 2.18-5.81 5.22-5.41 7.06.85 3.74 10-2.71 22.6-3.48 7-.44 12.8 1.75 17.26 3.71zm-9 5.13c-9.07 1.42-15 6.53-13.47 10.1.9.34 1.17.81 5.21-.81a37 37 0 0 1 18.72-1.95c2.92.34 4.31.52 4.94-.49 1.46-2.22-5.71-8-15.39-6.85zm54.17 17.1c3.38-6.87-10.9-13.93-14.3-7s10.92 13.88 14.32 6.97zm15.66-20.47c-7.66-.13-7.95 15.8-.26 15.93s7.98-15.81.28-15.96zm-218.79 78.9c-1.32.31-6 1.45-8.47-2.35-5.2-8 11.11-20.38 3-35.77-9.1-17.47-27.82-13.54-35.05-5.54-8.71 9.6-8.72 23.54-5 24.08 4.27.57 4.08-6.47 7.38-11.63a12.83 12.83 0 0 1 17.85-3.72c11.59 7.59 1.37 17.76 2.28 28.62 1.39 16.68 18.42 16.37 21.58 9a2.08 2.08 0 0 0-.2-2.33c.03.89.68-1.3-3.35-.39zm299.72-17.07c-3.35-11.73-2.57-9.22-6.78-20.52 2.45-3.67 15.29-24-3.07-43.25-10.4-10.92-33.9-16.54-41.1-18.54-1.5-11.39 4.65-58.7-21.52-83 20.79-21.55 33.76-45.29 33.73-65.65-.06-39.16-48.15-51-107.42-26.47l-12.55 5.33c-.06-.05-22.71-22.27-23.05-22.57C169.5-18-41.77 216.81 25.78 273.85l14.76 12.51a72.49 72.49 0 0 0-4.1 33.5c3.36 33.4 36 60.42 67.53 60.38 57.73 133.06 267.9 133.28 322.29 3 1.74-4.47 9.11-24.61 9.11-42.38s-10.09-25.27-16.53-25.27zm-316 48.16c-22.82-.61-47.46-21.15-49.91-45.51-6.17-61.31 74.26-75.27 84-12.33 4.54 29.64-4.67 58.49-34.12 57.81zM84.3 249.55C69.14 252.5 55.78 261.09 47.6 273c-4.88-4.07-14-12-15.59-15-13.01-24.85 14.24-73 33.3-100.21C112.42 90.56 186.19 39.68 220.36 48.91c5.55 1.57 23.94 22.89 23.94 22.89s-34.15 18.94-65.8 45.35c-42.66 32.85-74.89 80.59-94.2 132.4zM323.18 350.7s-35.74 5.3-69.51-7.07c6.21-20.16 27 6.1 96.4-13.81 15.29-4.38 35.37-13 51-25.35a102.85 102.85 0 0 1 7.12 24.28c3.66-.66 14.25-.52 11.44 18.1-3.29 19.87-11.73 36-25.93 50.84A106.86 106.86 0 0 1 362.55 421a132.45 132.45 0 0 1-20.34 8.58c-53.51 17.48-108.3-1.74-126-43a66.33 66.33 0 0 1-3.55-9.74c-7.53-27.2-1.14-59.83 18.84-80.37 1.23-1.31 2.48-2.85 2.48-4.79a8.45 8.45 0 0 0-1.92-4.54c-7-10.13-31.19-27.4-26.33-60.83 3.5-24 24.49-40.91 44.07-39.91l5 .29c8.48.5 15.89 1.59 22.88 1.88 11.69.5 22.2-1.19 34.64-11.56 4.2-3.5 7.57-6.54 13.26-7.51a17.45 17.45 0 0 1 13.6 2.24c10 6.64 11.4 22.73 11.92 34.49.29 6.72 1.1 23 1.38 27.63.63 10.67 3.43 12.17 9.11 14 3.19 1.05 6.15 1.83 10.51 3.06 13.21 3.71 21 7.48 26 12.31a16.38 16.38 0 0 1 4.74 9.29c1.56 11.37-8.82 25.4-36.31 38.16-46.71 21.68-93.68 14.45-100.48 13.68-20.15-2.71-31.63 23.32-19.55 41.15 22.64 33.41 122.4 20 151.37-21.35.69-1 .12-1.59-.73-1-41.77 28.58-97.06 38.21-128.46 26-4.77-1.85-14.73-6.44-15.94-16.67 43.6 13.49 71 .74 71 .74s2.03-2.79-.56-2.53zm-68.47-5.7zm-83.4-187.5c16.74-19.35 37.36-36.18 55.83-45.63a.73.73 0 0 1 1 1c-1.46 2.66-4.29 8.34-5.19 12.65a.75.75 0 0 0 1.16.79c11.49-7.83 31.48-16.22 49-17.3a.77.77 0 0 1 .52 1.38 41.86 41.86 0 0 0-7.71 7.74.75.75 0 0 0 .59 1.19c12.31.09 29.66 4.4 41 10.74.76.43.22 1.91-.64 1.72-69.55-15.94-123.08 18.53-134.5 26.83a.76.76 0 0 1-1-1.12z\"><\/path><\/svg>\t\t\t\t<\/span>\n\t\t\t<\/div>\n\t\t\t\n\t\t\t\t\t\t<div class=\"elementor-icon-box-content\">\n\n\t\t\t\t\t\t\t\t\t<h3 class=\"elementor-icon-box-title\">\n\t\t\t\t\t\t<span  >\n\t\t\t\t\t\t\tE-Posta\t\t\t\t\t\t<\/span>\n\t\t\t\t\t<\/h3>\n\t\t\t\t\n\t\t\t\t\t\t\t\t\t<p class=\"elementor-icon-box-description\">\n\t\t\t\t\t\tmehmetxyalcin@gmail.com\t\t\t\t\t<\/p>\n\t\t\t\t\n\t\t\t<\/div>\n\t\t\t\n\t\t<\/div>\n\t\t\t\t\t\t<\/div>\n\t\t\t\t<\/div>\n\t\t\t\t\t<\/div>\n\t\t<\/div>\n\t\t\t\t<div class=\"elementor-column elementor-col-50 elementor-top-column elementor-element elementor-element-80e523e\" data-id=\"80e523e\" data-element_type=\"column\" data-e-type=\"column\" data-settings=\"{&quot;background_background&quot;:&quot;classic&quot;}\">\n\t\t\t<div class=\"elementor-widget-wrap elementor-element-populated\">\n\t\t\t\t\t\t<div class=\"elementor-element elementor-element-1e7b601 elementor-widget elementor-widget-heading\" data-id=\"1e7b601\" data-element_type=\"widget\" data-e-type=\"widget\" data-widget_type=\"heading.default\">\n\t\t\t\t<div class=\"elementor-widget-container\">\n\t\t\t\t\t<h2 class=\"elementor-heading-title elementor-size-default\">Size nas\u0131l yard\u0131mc\u0131 olabilirim!<\/h2>\t\t\t\t<\/div>\n\t\t\t\t<\/div>\n\t\t\t\t<div class=\"elementor-element elementor-element-bc07884 elementor-widget elementor-widget-text-editor\" data-id=\"bc07884\" data-element_type=\"widget\" data-e-type=\"widget\" data-widget_type=\"text-editor.default\">\n\t\t\t\t<div class=\"elementor-widget-container\">\n\t\t\t\t\t\t\t\t\t<p>Sorular\u0131n\u0131z ve randevu talepleriniz i\u00e7in buraday\u0131m. Payla\u015ft\u0131\u011f\u0131n\u0131z bilgiler yaln\u0131zca profesyonel \u00e7er\u00e7evede kullan\u0131l\u0131r; en k\u0131sa s\u00fcrede size d\u00f6n\u00fc\u015f yap\u0131lacakt\u0131r<\/p>\t\t\t\t\t\t\t\t<\/div>\n\t\t\t\t<\/div>\n\t\t\t\t<div class=\"elementor-element elementor-element-ff9c5f1 elementor-widget elementor-widget-shortcode\" data-id=\"ff9c5f1\" data-element_type=\"widget\" data-e-type=\"widget\" data-widget_type=\"shortcode.default\">\n\t\t\t\t<div class=\"elementor-widget-container\">\n\t\t\t\t\t\t\t<div class=\"elementor-shortcode\">\n<div class=\"wpcf7 no-js\" id=\"wpcf7-f928-o1\" lang=\"tr-TR\" dir=\"ltr\" data-wpcf7-id=\"928\">\n<div class=\"screen-reader-response\"><p role=\"status\" aria-live=\"polite\" aria-atomic=\"true\"><\/p> <ul><\/ul><\/div>\n<form action=\"\/index.php\/wp-json\/wp\/v2\/pages\/325#wpcf7-f928-o1\" method=\"post\" class=\"wpcf7-form init\" aria-label=\"\u0130leti\u015fim Formu\" novalidate=\"novalidate\" data-status=\"init\">\n<fieldset class=\"hidden-fields-container\"><input type=\"hidden\" name=\"_wpcf7\" value=\"928\" \/><input type=\"hidden\" name=\"_wpcf7_version\" value=\"6.1.5\" \/><input type=\"hidden\" name=\"_wpcf7_locale\" value=\"tr_TR\" \/><input type=\"hidden\" name=\"_wpcf7_unit_tag\" value=\"wpcf7-f928-o1\" \/><input type=\"hidden\" name=\"_wpcf7_container_post\" value=\"0\" \/><input type=\"hidden\" name=\"_wpcf7_posted_data_hash\" value=\"\" \/>\n<\/fieldset>\n<p><label> Ad\u0131n\u0131z<br \/>\n<span class=\"wpcf7-form-control-wrap\" data-name=\"your-name\"><input size=\"40\" maxlength=\"400\" class=\"wpcf7-form-control wpcf7-text wpcf7-validates-as-required\" autocomplete=\"name\" aria-required=\"true\" aria-invalid=\"false\" value=\"\" type=\"text\" name=\"your-name\" \/><\/span> <\/label>\n<\/p>\n<p><label> E-posta adresiniz<br \/>\n<span class=\"wpcf7-form-control-wrap\" data-name=\"your-email\"><input size=\"40\" maxlength=\"400\" class=\"wpcf7-form-control wpcf7-email wpcf7-validates-as-required wpcf7-text wpcf7-validates-as-email\" autocomplete=\"email\" aria-required=\"true\" aria-invalid=\"false\" value=\"\" type=\"email\" name=\"your-email\" \/><\/span> <\/label>\n<\/p>\n<p><label> Telefon No<br \/>\n<span class=\"wpcf7-form-control-wrap\" data-name=\"tel-211\"><input size=\"40\" maxlength=\"400\" class=\"wpcf7-form-control wpcf7-tel wpcf7-text wpcf7-validates-as-tel\" aria-invalid=\"false\" value=\"\" type=\"tel\" name=\"tel-211\" \/><\/span><\/label>\n<\/p>\n<p><label> Konu<br \/>\n<span class=\"wpcf7-form-control-wrap\" data-name=\"your-subject\"><input size=\"40\" maxlength=\"400\" class=\"wpcf7-form-control wpcf7-text wpcf7-validates-as-required\" aria-required=\"true\" aria-invalid=\"false\" value=\"\" type=\"text\" name=\"your-subject\" \/><\/span> <\/label>\n<\/p>\n<p><label> \u0130letiniz (tercihe ba\u011fl\u0131)<br \/>\n<span class=\"wpcf7-form-control-wrap\" data-name=\"your-message\"><textarea cols=\"40\" rows=\"10\" maxlength=\"2000\" class=\"wpcf7-form-control wpcf7-textarea\" aria-invalid=\"false\" name=\"your-message\"><\/textarea><\/span> <\/label>\n<\/p>\n<p><input class=\"wpcf7-form-control wpcf7-submit has-spinner\" type=\"submit\" value=\"G\u00f6nder\" \/>\n<\/p><div class=\"wpcf7-response-output\" aria-hidden=\"true\"><\/div>\n<\/form>\n<\/div>\n<\/div>\n\t\t\t\t\t\t<\/div>\n\t\t\t\t<\/div>\n\t\t\t\t\t<\/div>\n\t\t<\/div>\n\t\t\t\t\t<\/div>\n\t\t<\/section>\n\t\t\t\t<\/div>\n\t\t","protected":false},"excerpt":{"rendered":"<p>Herhangi bir sorunuz var m\u0131? \u0130leti\u015fime ge\u00e7mekten \u00e7ekinmeyin. Adres Mezitli\/Mersin Telefon 05360802642 E-Posta mehmetxyalcin@gmail.com Size&#46;&#46;&#46;<\/p>\n","protected":false},"author":1,"featured_media":0,"parent":0,"menu_order":0,"comment_status":"closed","ping_status":"closed","template":"temp\/template-vc.php","meta":{"footnotes":""},"class_list":["post-325","page","type-page","status-publish","hentry"],"amp_enabled":false,"_links":{"self":[{"href":"https:\/\/mehmetyalcin.com.tr\/index.php\/wp-json\/wp\/v2\/pages\/325","targetHints":{"allow":["GET"]}}],"collection":[{"href":"https:\/\/mehmetyalcin.com.tr\/index.php\/wp-json\/wp\/v2\/pages"}],"about":[{"href":"https:\/\/mehmetyalcin.com.tr\/index.php\/wp-json\/wp\/v2\/types\/page"}],"author":[{"embeddable":true,"href":"https:\/\/mehmetyalcin.com.tr\/index.php\/wp-json\/wp\/v2\/users\/1"}],"replies":[{"embeddable":true,"href":"https:\/\/mehmetyalcin.com.tr\/index.php\/wp-json\/wp\/v2\/comments?post=325"}],"version-history":[{"count":6,"href":"https:\/\/mehmetyalcin.com.tr\/index.php\/wp-json\/wp\/v2\/pages\/325\/revisions"}],"predecessor-version":[{"id":934,"href":"https:\/\/mehmetyalcin.com.tr\/index.php\/wp-json\/wp\/v2\/pages\/325\/revisions\/934"}],"wp:attachment":[{"href":"https:\/\/mehmetyalcin.com.tr\/index.php\/wp-json\/wp\/v2\/media?parent=325"}],"curies":[{"name":"wp","href":"https:\/\/api.w.org\/{rel}","templated":true}]}}